{"id":29,"date":"2023-02-24T14:48:22","date_gmt":"2023-02-24T14:48:22","guid":{"rendered":"https:\/\/www.trusting-bouman.85-236-38-41.plesk.page\/?page_id=29"},"modified":"2026-03-05T10:05:58","modified_gmt":"2026-03-05T10:05:58","slug":"jobs","status":"publish","type":"page","link":"https:\/\/sab.de.com\/en_us\/jobs\/","title":{"rendered":"Jobs"},"content":{"rendered":"<div data-elementor-type=\"wp-page\" data-elementor-id=\"29\" class=\"elementor elementor-29\">\n\t\t\t\t<header class=\"elementor-element elementor-element-1a6edd2a e-con-full e-flex e-con e-parent\" data-id=\"1a6edd2a\" data-element_type=\"container\" data-settings=\"{&quot;background_background&quot;:&quot;classic&quot;}\">\n\t\t\t\t<\/header>\n\t\t<div class=\"elementor-element elementor-element-df490f7 e-flex e-con-boxed e-con e-parent\" data-id=\"df490f7\" data-element_type=\"container\">\n\t\t\t\t\t<div class=\"e-con-inner\">\n\t\t\t\t<div class=\"elementor-element elementor-element-e5e7dcb elementor-widget elementor-widget-spacer\" data-id=\"e5e7dcb\" data-element_type=\"widget\" data-widget_type=\"spacer.default\">\n\t\t\t\t<div class=\"elementor-widget-container\">\n\t\t\t\t\t\t\t<div class=\"elementor-spacer\">\n\t\t\t<div class=\"elementor-spacer-inner\"><\/div>\n\t\t<\/div>\n\t\t\t\t\t\t<\/div>\n\t\t\t\t<\/div>\n\t\t\t\t\t<\/div>\n\t\t\t\t<\/div>\n\t\t<div class=\"elementor-element elementor-element-972fa91 animated-slow e-flex e-con-boxed elementor-invisible e-con e-parent\" data-id=\"972fa91\" data-element_type=\"container\" data-settings=\"{&quot;background_background&quot;:&quot;gradient&quot;,&quot;animation&quot;:&quot;fadeIn&quot;}\">\n\t\t\t\t\t<div class=\"e-con-inner\">\n\t\t\t\t<div class=\"elementor-element elementor-element-707c575 elementor-widget elementor-widget-heading\" data-id=\"707c575\" data-element_type=\"widget\" data-widget_type=\"heading.default\">\n\t\t\t\t<div class=\"elementor-widget-container\">\n\t\t\t\t\t<h1 class=\"elementor-heading-title elementor-size-large\">Our Jobs<\/h1>\t\t\t\t<\/div>\n\t\t\t\t<\/div>\n\t\t\t\t\t<\/div>\n\t\t\t\t<\/div>\n\t\t<div class=\"elementor-element elementor-element-e7d58ec e-flex e-con-boxed e-con e-parent\" data-id=\"e7d58ec\" data-element_type=\"container\">\n\t\t\t\t\t<div class=\"e-con-inner\">\n\t\t\t\t<div class=\"elementor-element elementor-element-fab95f6 elementor-widget elementor-widget-spacer\" data-id=\"fab95f6\" data-element_type=\"widget\" data-widget_type=\"spacer.default\">\n\t\t\t\t<div class=\"elementor-widget-container\">\n\t\t\t\t\t\t\t<div class=\"elementor-spacer\">\n\t\t\t<div class=\"elementor-spacer-inner\"><\/div>\n\t\t<\/div>\n\t\t\t\t\t\t<\/div>\n\t\t\t\t<\/div>\n\t\t\t\t\t<\/div>\n\t\t\t\t<\/div>\n\t\t<div class=\"elementor-element elementor-element-2a5de49f e-con-full e-flex e-con e-parent\" data-id=\"2a5de49f\" data-element_type=\"container\">\n\t\t\t\t<div class=\"elementor-element elementor-element-5fda8457 animated-slow elementor-widget elementor-widget-text-editor\" data-id=\"5fda8457\" data-element_type=\"widget\" data-settings=\"{&quot;_animation&quot;:&quot;none&quot;}\" data-widget_type=\"text-editor.default\">\n\t\t\t\t<div class=\"elementor-widget-container\">\n\t\t\t\t\t\t\t\t\t<div id=\"element7566text10972\"><h2><strong>Apprentice plant mechanic for pipe system technology<\/strong><\/h2><p>Plant mechanics manufacture components and assemble them into assemblies, apparatus, piping systems and plants. They also maintain them, extend them or modify them.<\/p><ul><li>Recognized training occupation according to the Vocational Training Act<\/li><li>Nationwide regulated 3.5-year apprenticeship<\/li><\/ul><\/div><div>\u00a0<\/div><div>___________________<\/div><div>\u00a0<\/div><div>\u00a0<\/div><div>\u00a0<\/div><div>\u00a0<\/div><div><strong style=\"font-size: 20px; text-align: var(--text-align);\">Plant mechanic \u00a0<\/strong><span style=\"font-size: 20px; font-weight: 600; text-align: var(--text-align);\">- Sanitary, heating and air-conditioning technology<\/span><\/div><div id=\"element7566text10972\"><p>Your profile<\/p><ul><li>You are technically adept and value up-to-date specialist knowledge<\/li><li>You are reliable, motivated and flexible<\/li><li>Safety-conscious work is a matter of course for you<\/li><\/ul><p>Your skills:<\/p><ul><li>Production, processing and technology<\/li><\/ul><p>Advanced knowledge:<\/p><ul><li>Work preparation, sanitary, heating and air conditioning technology, quality inspection, quality assurance<\/li><\/ul><p>Personal strengths:<\/p><ul><li>Motivation \/ Commitment<\/li><li>Reliability<\/li><li>Independent work<\/li><li>Perceptiveness<\/li><li>Ability to analyze and solve problems<\/li><\/ul><h2>\u00a0<\/h2><h2><strong>Service technician in plant engineering<\/strong><\/h2><p>As a service fitter, you will install components, assemblies, apparatus, piping systems or complete systems. Maintenance as well as the expansion and conversion of systems are part of this area of responsibility.<\/p><p>Your profile<\/p><ul><li>You are technically adept and value up-to-date specialist knowledge<\/li><li>You are reliable, motivated and flexible<\/li><li>Safety-conscious work is a matter of course for you<\/li><\/ul><p>Your skills:<\/p><ul><li>You are no stranger to processing, technology and assembly<\/li><\/ul><p>Advanced knowledge:<\/p><ul><li>Work preparation, quality inspection, quality assurance<\/li><\/ul><p>Personal strengths:<\/p><ul><li>Motivation \/ Commitment<\/li><li>Reliability<\/li><li>Independent work<\/li><li>Perceptiveness<\/li><li>Ability to analyze and solve problems<\/li><\/ul><\/div><h1>\u00a0<\/h1><h1>\u00a0<\/h1><h1>Konstruktionsmechaniker (Schlosser) m\/w\/d<\/h1><p>Als Konstruktionsmechaniker montierst du eigenst\u00e4ndig nach Arbeitsanweisung und Zeichnungen. Zuschnitt, Heften und Schwei\u00dfen von einzelnen Bauteilen nach Zeichnung geh\u00f6rt ebenfalls zu deinen Aufgaben<\/p><p>Your field of responsibility:<\/p><ul><li>Montage von Baugruppen<\/li><li>Heften, Schwei\u00dfen von Bauteilen nach Zeichnung<\/li><li>Lesen techn. Unterlagen sowie Zeichnung und Montagepl\u00e4nen<\/li><li>Montage von Rohrleitungen sowie Flanschverbindungen<\/li><\/ul><p>Your profile:<\/p><ul><li>Erfolgreich abgeschlossene Berufsausbildung zum Anlagenmechaniker (Schlosser)<\/li><li>Grundkenntnisse im Schwei\u00dfen mit den g\u00e4ngigsten Systemen\u00a0<\/li><li>Gute Kenntnisse mit Verarbeitungsmaschinen wie Drehen, S\u00e4gen, Abkanten, Schleifen, Bohren<\/li><\/ul><p>Personal strengths:<\/p><ul><li>Motivation<\/li><li>Reliability<\/li><li>Independent work<\/li><li>Perceptiveness<\/li><\/ul><h1>\u00a0<\/h1><h1>Electronics technician \/ Electrician<\/h1><p>As an electronics technician \/ electrician, you will work independently and autonomously with a dynamic team.\u00a0<\/p><p>Your field of responsibility:<\/p><ul><li>Installation work in the field of measurement and control technology<\/li><li>Connection of switchgear<\/li><li>Inspection of electrical systems<\/li><\/ul><p>Your profile:<\/p><ul><li>Completed vocational training as an electrician or electronics technician or in a comparable profession<\/li><li>Professional experience or you are just starting out in your career<\/li><li>Possession of a car driver's license and willingness to travel<\/li><li>Knowledge of reading and understanding circuit diagrams and wiring diagrams<\/li><li>Enjoy working in a team<\/li><\/ul><p>Personal strengths:<\/p><ul><li>Motivation \/ Commitment<\/li><li>Reliability<\/li><li>Independent work<\/li><li>Perceptiveness<\/li><\/ul><div>\u00a0<\/div><div>\u00a0<\/div><div>\u00a0<\/div><div><h1>LKW &#8211; Fahrer m\/w\/d<\/h1><p>Als LKW &#8211; Fahrer \u00a0arbeitest du selbstst\u00e4ndig und eigenverantwortlich mit einem dynamischen Team zusammen. Du bist f\u00fcr unseren Werksverkehr zust\u00e4ndig, bist f\u00fcr die Auslieferung unserer Anlagen verantwortlich, bedienst den LKW eigenen Kran und unterst\u00fctzt unser Montage-Team vor Ort beim Kunden.<\/p><p>Your field of responsibility:<\/p><ul><li>LKW Fahrten zwischen unseren Standorten<\/li><li>Auslieferung unserer Anlagen zum Kunden\/Baustelle<\/li><li>Be- und Entladen inkl. Ladungssicherung nach gesetzlichen Vorgaben<\/li><li>Unterst\u00fctzung unseres Montage-Teams vor Ort<\/li><\/ul><p>Your profile:<\/p><ul><li>LKW-F\u00fchrerschein (CE) im besten Fall mit Kran-Schein<\/li><li>Quereinstieg m\u00f6glich<\/li><li>Stapler-F\u00fchrerschein<\/li><li>Handwerkliches Geschick<\/li><li>Enjoy working in a team<\/li><\/ul><p>Personal strengths:<\/p><ul><li>Motivation \/ Commitment<\/li><li>Reliability<\/li><li>Independent work<\/li><\/ul><\/div><div>\u00a0<\/div><div>\u00a0<\/div><div>\u00a0<\/div><div id=\"element7566text10972\"><p><strong>If you want to receive varied and interesting specialist training in a future-oriented profession and an innovative company, then apply to us!<\/strong><\/p><p><strong>S.A.B. S\u00fcddeutsche Anlagenbau GmbH<\/strong><\/p><p>Waltenrieder Stra\u00dfe 8<br \/>93149 Nittenau<br \/>Phone: +49 9461 91102 \u2013 0<br \/><a href=\"mailto:v.wagner@sabanlagenbau.com\">info@sab.de.com<\/a><\/p><\/div>\t\t\t\t\t\t\t\t<\/div>\n\t\t\t\t<\/div>\n\t\t\t\t<\/div>\n\t\t<div class=\"elementor-element elementor-element-9d182b0 e-flex e-con-boxed e-con e-parent\" data-id=\"9d182b0\" data-element_type=\"container\">\n\t\t\t\t\t<div class=\"e-con-inner\">\n\t\t\t\t<div class=\"elementor-element elementor-element-05d20b0 elementor-widget elementor-widget-spacer\" data-id=\"05d20b0\" data-element_type=\"widget\" data-widget_type=\"spacer.default\">\n\t\t\t\t<div class=\"elementor-widget-container\">\n\t\t\t\t\t\t\t<div class=\"elementor-spacer\">\n\t\t\t<div class=\"elementor-spacer-inner\"><\/div>\n\t\t<\/div>\n\t\t\t\t\t\t<\/div>\n\t\t\t\t<\/div>\n\t\t\t\t\t<\/div>\n\t\t\t\t<\/div>\n\t\t<div class=\"elementor-element elementor-element-290e4c8c e-flex e-con-boxed e-con e-parent\" data-id=\"290e4c8c\" data-element_type=\"container\" data-settings=\"{&quot;background_background&quot;:&quot;classic&quot;}\">\n\t\t\t\t\t<div class=\"e-con-inner\">\n\t\t\t\t<div class=\"elementor-element elementor-element-2c42b560 elementor-widget-divider--view-line elementor-widget elementor-widget-divider\" data-id=\"2c42b560\" data-element_type=\"widget\" data-widget_type=\"divider.default\">\n\t\t\t\t<div class=\"elementor-widget-container\">\n\t\t\t\t\t\t\t<div class=\"elementor-divider\">\n\t\t\t<span class=\"elementor-divider-separator\">\n\t\t\t\t\t\t<\/span>\n\t\t<\/div>\n\t\t\t\t\t\t<\/div>\n\t\t\t\t<\/div>\n\t\t\t\t\t<\/div>\n\t\t\t\t<\/div>\n\t\t<div class=\"elementor-element elementor-element-c6592cf e-flex e-con-boxed e-con e-parent\" data-id=\"c6592cf\" data-element_type=\"container\">\n\t\t\t\t\t<div class=\"e-con-inner\">\n\t\t<div class=\"elementor-element elementor-element-a4bffab e-flex e-con-boxed e-con e-child\" data-id=\"a4bffab\" data-element_type=\"container\">\n\t\t\t\t\t<div class=\"e-con-inner\">\n\t\t<div class=\"elementor-element elementor-element-5f8e3ef e-flex e-con-boxed e-con e-child\" data-id=\"5f8e3ef\" data-element_type=\"container\" data-settings=\"{&quot;background_background&quot;:&quot;classic&quot;}\">\n\t\t\t\t\t<div class=\"e-con-inner\">\n\t\t<div class=\"elementor-element elementor-element-56ff037 e-con-full e-flex e-con e-child\" data-id=\"56ff037\" data-element_type=\"container\">\n\t\t\t\t<div class=\"elementor-element elementor-element-75059b1 elementor-widget elementor-widget-image\" data-id=\"75059b1\" data-element_type=\"widget\" data-widget_type=\"image.default\">\n\t\t\t\t<div class=\"elementor-widget-container\">\n\t\t\t\t\t\t\t\t\t\t\t\t\t\t\t<img decoding=\"async\" width=\"300\" height=\"76\" src=\"https:\/\/sab.de.com\/wp-content\/uploads\/2024\/02\/cropped-SAB_Logos-gesamt-300x76.png\" class=\"attachment-medium size-medium wp-image-1219\" alt=\"\" srcset=\"https:\/\/sab.de.com\/wp-content\/uploads\/2024\/02\/cropped-SAB_Logos-gesamt-300x76.png 300w, https:\/\/sab.de.com\/wp-content\/uploads\/2024\/02\/cropped-SAB_Logos-gesamt-1024x260.png 1024w, https:\/\/sab.de.com\/wp-content\/uploads\/2024\/02\/cropped-SAB_Logos-gesamt-768x195.png 768w, https:\/\/sab.de.com\/wp-content\/uploads\/2024\/02\/cropped-SAB_Logos-gesamt-1536x390.png 1536w, https:\/\/sab.de.com\/wp-content\/uploads\/2024\/02\/cropped-SAB_Logos-gesamt-2048x521.png 2048w, https:\/\/sab.de.com\/wp-content\/uploads\/2024\/02\/cropped-SAB_Logos-gesamt-18x5.png 18w\" sizes=\"(max-width: 300px) 100vw, 300px\" \/>\t\t\t\t\t\t\t\t\t\t\t\t\t\t\t<\/div>\n\t\t\t\t<\/div>\n\t\t\t\t<\/div>\n\t\t<div class=\"elementor-element elementor-element-d93a83d e-con-full e-flex e-con e-child\" data-id=\"d93a83d\" data-element_type=\"container\">\n\t\t\t\t<div class=\"elementor-element elementor-element-0b27207 elementor-widget elementor-widget-heading\" data-id=\"0b27207\" data-element_type=\"widget\" data-widget_type=\"heading.default\">\n\t\t\t\t<div class=\"elementor-widget-container\">\n\t\t\t\t\t<h2 class=\"elementor-heading-title elementor-size-default\"><a href=\"https:\/\/www.senation-group.com\" target=\"_blank\"><b>Member of Senation Group GmbH<\/b><\/a><\/h2>\t\t\t\t<\/div>\n\t\t\t\t<\/div>\n\t\t\t\t<\/div>\n\t\t<div class=\"elementor-element elementor-element-28d6321 e-con-full e-flex e-con e-child\" data-id=\"28d6321\" data-element_type=\"container\">\n\t\t\t\t<div class=\"elementor-element elementor-element-5161216 elementor-widget elementor-widget-text-editor\" data-id=\"5161216\" data-element_type=\"widget\" data-widget_type=\"text-editor.default\">\n\t\t\t\t<div class=\"elementor-widget-container\">\n\t\t\t\t\t\t\t\t\t<p><span style=\"color: #000000;\"><a style=\"color: #000000;\" href=\"https:\/\/sab.de.com\/en_us\/impressum\/\">Impressum<\/a><\/span><\/p>\t\t\t\t\t\t\t\t<\/div>\n\t\t\t\t<\/div>\n\t\t\t\t<\/div>\n\t\t<div class=\"elementor-element elementor-element-013147d e-con-full e-flex e-con e-child\" data-id=\"013147d\" data-element_type=\"container\">\n\t\t\t\t<div class=\"elementor-element elementor-element-a13e91b elementor-widget elementor-widget-text-editor\" data-id=\"a13e91b\" data-element_type=\"widget\" data-widget_type=\"text-editor.default\">\n\t\t\t\t<div class=\"elementor-widget-container\">\n\t\t\t\t\t\t\t\t\t<p style=\"text-align: left;\"><a href=\"https:\/\/sab.de.com\/en_us\/datenschutz\/\">Data protection<\/a><\/p>\t\t\t\t\t\t\t\t<\/div>\n\t\t\t\t<\/div>\n\t\t\t\t<\/div>\n\t\t\t\t\t<\/div>\n\t\t\t\t<\/div>\n\t\t\t\t\t<\/div>\n\t\t\t\t<\/div>\n\t\t\t\t\t<\/div>\n\t\t\t\t<\/div>\n\t\t\t\t<\/div>","protected":false},"excerpt":{"rendered":"<p>Unsere Jobangebote Auszubildende zum\u00a0Anlagenmechaniker f\u00fcr Rohrsystemtechnik w\/m\/d Anlagenmechaniker\/innen fertigen Bauteile und montieren sie zu Baugruppen, Apparaten, Rohrleitungssystemen und Anlagen. Sie halten diese auch instand, erweitern sie oder bauen sie um. Anerkannter Ausbildungsberuf nach dem Berufsbildungsgesetz Bundesweit geregelte 3,5-j\u00e4hrige Ausbildung \u00a0___________________\u00a0\u00a0\u00a0\u00a0Anlagenmechaniker w\/m\/d \u00a0-Sanit\u00e4r-, Heizungs- und Klimatechnik Dein\u00a0Profil: Du bist technisch versiert und legst Wert auf aktuelle [&hellip;]<\/p>","protected":false},"author":1,"featured_media":0,"parent":0,"menu_order":0,"comment_status":"closed","ping_status":"closed","template":"","meta":{"ocean_post_layout":"full-screen","ocean_both_sidebars_style":"","ocean_both_sidebars_content_width":0,"ocean_both_sidebars_sidebars_width":0,"ocean_sidebar":"0","ocean_second_sidebar":"0","ocean_disable_margins":"enable","ocean_add_body_class":"","ocean_shortcode_before_top_bar":"","ocean_shortcode_after_top_bar":"","ocean_shortcode_before_header":"","ocean_shortcode_after_header":"","ocean_has_shortcode":"","ocean_shortcode_after_title":"","ocean_shortcode_before_footer_widgets":"","ocean_shortcode_after_footer_widgets":"","ocean_shortcode_before_footer_bottom":"","ocean_shortcode_after_footer_bottom":"","ocean_display_top_bar":"off","ocean_display_header":"default","ocean_header_style":"","ocean_center_header_left_menu":"0","ocean_custom_header_template":"0","ocean_custom_logo":0,"ocean_custom_retina_logo":0,"ocean_custom_logo_max_width":0,"ocean_custom_logo_tablet_max_width":0,"ocean_custom_logo_mobile_max_width":0,"ocean_custom_logo_max_height":0,"ocean_custom_logo_tablet_max_height":0,"ocean_custom_logo_mobile_max_height":0,"ocean_header_custom_menu":"0","ocean_menu_typo_font_family":"0","ocean_menu_typo_font_subset":"","ocean_menu_typo_font_size":0,"ocean_menu_typo_font_size_tablet":0,"ocean_menu_typo_font_size_mobile":0,"ocean_menu_typo_font_size_unit":"px","ocean_menu_typo_font_weight":"","ocean_menu_typo_font_weight_tablet":"","ocean_menu_typo_font_weight_mobile":"","ocean_menu_typo_transform":"","ocean_menu_typo_transform_tablet":"","ocean_menu_typo_transform_mobile":"","ocean_menu_typo_line_height":0,"ocean_menu_typo_line_height_tablet":0,"ocean_menu_typo_line_height_mobile":0,"ocean_menu_typo_line_height_unit":"","ocean_menu_typo_spacing":0,"ocean_menu_typo_spacing_tablet":0,"ocean_menu_typo_spacing_mobile":0,"ocean_menu_typo_spacing_unit":"","ocean_menu_link_color":"","ocean_menu_link_color_hover":"","ocean_menu_link_color_active":"","ocean_menu_link_background":"","ocean_menu_link_hover_background":"","ocean_menu_link_active_background":"","ocean_menu_social_links_bg":"","ocean_menu_social_hover_links_bg":"","ocean_menu_social_links_color":"","ocean_menu_social_hover_links_color":"","ocean_disable_title":"on","ocean_disable_heading":"default","ocean_post_title":"","ocean_post_subheading":"","ocean_post_title_style":"","ocean_post_title_background_color":"","ocean_post_title_background":0,"ocean_post_title_bg_image_position":"","ocean_post_title_bg_image_attachment":"","ocean_post_title_bg_image_repeat":"","ocean_post_title_bg_image_size":"","ocean_post_title_height":0,"ocean_post_title_bg_overlay":0.5,"ocean_post_title_bg_overlay_color":"","ocean_disable_breadcrumbs":"default","ocean_breadcrumbs_color":"","ocean_breadcrumbs_separator_color":"","ocean_breadcrumbs_links_color":"","ocean_breadcrumbs_links_hover_color":"","ocean_display_footer_widgets":"off","ocean_display_footer_bottom":"off","ocean_custom_footer_template":"0","footnotes":""},"class_list":["post-29","page","type-page","status-publish","hentry","entry"],"_links":{"self":[{"href":"https:\/\/sab.de.com\/en_us\/wp-json\/wp\/v2\/pages\/29","targetHints":{"allow":["GET"]}}],"collection":[{"href":"https:\/\/sab.de.com\/en_us\/wp-json\/wp\/v2\/pages"}],"about":[{"href":"https:\/\/sab.de.com\/en_us\/wp-json\/wp\/v2\/types\/page"}],"author":[{"embeddable":true,"href":"https:\/\/sab.de.com\/en_us\/wp-json\/wp\/v2\/users\/1"}],"replies":[{"embeddable":true,"href":"https:\/\/sab.de.com\/en_us\/wp-json\/wp\/v2\/comments?post=29"}],"version-history":[{"count":203,"href":"https:\/\/sab.de.com\/en_us\/wp-json\/wp\/v2\/pages\/29\/revisions"}],"predecessor-version":[{"id":2243,"href":"https:\/\/sab.de.com\/en_us\/wp-json\/wp\/v2\/pages\/29\/revisions\/2243"}],"wp:attachment":[{"href":"https:\/\/sab.de.com\/en_us\/wp-json\/wp\/v2\/media?parent=29"}],"curies":[{"name":"wp","href":"https:\/\/api.w.org\/{rel}","templated":true}]}}