{"id":15,"date":"2023-02-24T14:41:26","date_gmt":"2023-02-24T14:41:26","guid":{"rendered":"https:\/\/www.trusting-bouman.85-236-38-41.plesk.page\/?page_id=15"},"modified":"2025-08-07T12:19:39","modified_gmt":"2025-08-07T12:19:39","slug":"biogas","status":"publish","type":"page","link":"https:\/\/sab.de.com\/en_us\/biogas\/","title":{"rendered":"Biogas"},"content":{"rendered":"<div data-elementor-type=\"wp-page\" data-elementor-id=\"15\" class=\"elementor elementor-15\">\n\t\t\t\t<div class=\"elementor-element elementor-element-2e948a1 e-flex e-con-boxed e-con e-parent\" data-id=\"2e948a1\" data-element_type=\"container\" data-settings=\"{&quot;background_background&quot;:&quot;classic&quot;}\">\n\t\t\t\t\t<div class=\"e-con-inner\">\n\t\t\t\t\t<\/div>\n\t\t\t\t<\/div>\n\t\t<div class=\"elementor-element elementor-element-0adac8c e-flex e-con-boxed e-con e-parent\" data-id=\"0adac8c\" data-element_type=\"container\">\n\t\t\t\t\t<div class=\"e-con-inner\">\n\t\t\t\t<div class=\"elementor-element elementor-element-8a2787a elementor-widget elementor-widget-spacer\" data-id=\"8a2787a\" data-element_type=\"widget\" data-widget_type=\"spacer.default\">\n\t\t\t\t<div class=\"elementor-widget-container\">\n\t\t\t\t\t\t\t<div class=\"elementor-spacer\">\n\t\t\t<div class=\"elementor-spacer-inner\"><\/div>\n\t\t<\/div>\n\t\t\t\t\t\t<\/div>\n\t\t\t\t<\/div>\n\t\t\t\t\t<\/div>\n\t\t\t\t<\/div>\n\t\t<div class=\"elementor-element elementor-element-9d45ddb e-flex e-con-boxed e-con e-parent\" data-id=\"9d45ddb\" data-element_type=\"container\" data-settings=\"{&quot;background_background&quot;:&quot;gradient&quot;}\">\n\t\t\t\t\t<div class=\"e-con-inner\">\n\t\t\t\t<div class=\"elementor-element elementor-element-ba2a966 elementor-widget elementor-widget-heading\" data-id=\"ba2a966\" data-element_type=\"widget\" data-widget_type=\"heading.default\">\n\t\t\t\t<div class=\"elementor-widget-container\">\n\t\t\t\t\t<h2 class=\"elementor-heading-title elementor-size-large\">Biomethan Power Supply<\/h2>\t\t\t\t<\/div>\n\t\t\t\t<\/div>\n\t\t\t\t\t<\/div>\n\t\t\t\t<\/div>\n\t\t<div class=\"elementor-element elementor-element-c4b07b2 e-flex e-con-boxed e-con e-parent\" data-id=\"c4b07b2\" data-element_type=\"container\">\n\t\t\t\t\t<div class=\"e-con-inner\">\n\t\t\t\t<div class=\"elementor-element elementor-element-30a5799 elementor-widget elementor-widget-spacer\" data-id=\"30a5799\" data-element_type=\"widget\" data-widget_type=\"spacer.default\">\n\t\t\t\t<div class=\"elementor-widget-container\">\n\t\t\t\t\t\t\t<div class=\"elementor-spacer\">\n\t\t\t<div class=\"elementor-spacer-inner\"><\/div>\n\t\t<\/div>\n\t\t\t\t\t\t<\/div>\n\t\t\t\t<\/div>\n\t\t\t\t\t<\/div>\n\t\t\t\t<\/div>\n\t\t<div class=\"elementor-element elementor-element-79a5ffa e-flex e-con-boxed e-con e-parent\" data-id=\"79a5ffa\" data-element_type=\"container\">\n\t\t\t\t\t<div class=\"e-con-inner\">\n\t\t<div class=\"elementor-element elementor-element-85ecfc9 e-con-full animated-slow e-flex elementor-invisible e-con e-child\" data-id=\"85ecfc9\" data-element_type=\"container\" data-settings=\"{&quot;animation&quot;:&quot;fadeIn&quot;,&quot;animation_delay&quot;:100}\">\n\t\t\t\t<div class=\"elementor-element elementor-element-d084b73 elementor-invisible elementor-widget elementor-widget-text-editor\" data-id=\"d084b73\" data-element_type=\"widget\" data-settings=\"{&quot;_animation&quot;:&quot;fadeInLeft&quot;}\" data-widget_type=\"text-editor.default\">\n\t\t\t\t<div class=\"elementor-widget-container\">\n\t\t\t\t\t\t\t\t\t<p style=\"font-weight: 400;\"><strong>Injection of biomethane into natural gas networks<\/strong><\/p><p>\u00a0<\/p><p style=\"font-weight: 400;\">The ecological turnaround also brings \u201cold\u201d technologies back onto the scene.<\/p><p style=\"font-weight: 400;\">Biogas offers enormous spontaneous possibilities because most plants do not have to be built first. Feeding into the existing gas network ensures even more green and independent energy.<\/p><p>\u00a0<\/p><p style=\"font-weight: 400;\"><u>Design and engineering of biomethane feed-in stations.<\/u><\/p><p style=\"font-weight: 400;\">Our Injection stations are the link between biogas processing and public gas networks. The design and operation depend on the conditions of the natural gas grid and the type of biogas upgrading facility.<\/p><p>\u00a0<\/p><p style=\"font-weight: 400;\"><u>The main components:<\/u><\/p><ul><li>Pressure control (controlling the outlet pressure according to the downstream gas grid)<\/li><li>Process control-measuring, monitoring and regulation of all parts and parameters of the facility<\/li><li>Measuring the gas characteristic (heating value and quality of the biomethane)<\/li><li>Measuring the gas flow (volume metering)<\/li><li>Gas conditioning system for obtaining the required combustion characteristics by the addition of liquefied natural gas (LPG)<\/li><li>Odorization<\/li><li>Compression of the biomethane to the pressure in the high-pressure transport grid<\/li><\/ul><p style=\"font-weight: 400;\">\u00a0<\/p>\t\t\t\t\t\t\t\t<\/div>\n\t\t\t\t<\/div>\n\t\t\t\t<div class=\"elementor-element elementor-element-dbd362c elementor-widget elementor-widget-image\" data-id=\"dbd362c\" data-element_type=\"widget\" data-widget_type=\"image.default\">\n\t\t\t\t<div class=\"elementor-widget-container\">\n\t\t\t\t\t\t\t\t\t\t\t\t\t\t\t<img fetchpriority=\"high\" decoding=\"async\" width=\"800\" height=\"450\" src=\"https:\/\/sab.de.com\/wp-content\/uploads\/2024\/02\/BGEA-Essen_Gesamtansicht-2-800x450.jpg\" class=\"attachment-ocean-thumb-ml size-ocean-thumb-ml wp-image-1236\" alt=\"\" \/>\t\t\t\t\t\t\t\t\t\t\t\t\t\t\t<\/div>\n\t\t\t\t<\/div>\n\t\t\t\t<\/div>\n\t\t<div class=\"elementor-element elementor-element-d69156e e-con-full e-flex elementor-invisible e-con e-child\" data-id=\"d69156e\" data-element_type=\"container\" data-settings=\"{&quot;animation&quot;:&quot;fadeInRight&quot;,&quot;animation_delay&quot;:200}\">\n\t\t\t\t<div class=\"elementor-element elementor-element-7a1096e elementor-invisible elementor-widget elementor-widget-image\" data-id=\"7a1096e\" data-element_type=\"widget\" data-settings=\"{&quot;_animation&quot;:&quot;fadeInRight&quot;}\" data-widget_type=\"image.default\">\n\t\t\t\t<div class=\"elementor-widget-container\">\n\t\t\t\t\t\t\t\t\t\t\t\t\t\t\t<img decoding=\"async\" width=\"1440\" height=\"1920\" src=\"https:\/\/sab.de.com\/wp-content\/uploads\/2024\/02\/IMG_2150-1.jpg\" class=\"attachment-full size-full wp-image-1628\" alt=\"\" srcset=\"https:\/\/sab.de.com\/wp-content\/uploads\/2024\/02\/IMG_2150-1.jpg 1440w, https:\/\/sab.de.com\/wp-content\/uploads\/2024\/02\/IMG_2150-1-225x300.jpg 225w, https:\/\/sab.de.com\/wp-content\/uploads\/2024\/02\/IMG_2150-1-768x1024.jpg 768w, https:\/\/sab.de.com\/wp-content\/uploads\/2024\/02\/IMG_2150-1-1152x1536.jpg 1152w, https:\/\/sab.de.com\/wp-content\/uploads\/2024\/02\/IMG_2150-1-9x12.jpg 9w\" sizes=\"(max-width: 1440px) 100vw, 1440px\" \/>\t\t\t\t\t\t\t\t\t\t\t\t\t\t\t<\/div>\n\t\t\t\t<\/div>\n\t\t\t\t<\/div>\n\t\t\t\t\t<\/div>\n\t\t\t\t<\/div>\n\t\t<div class=\"elementor-element elementor-element-cd24dfc e-flex e-con-boxed e-con e-parent\" data-id=\"cd24dfc\" data-element_type=\"container\">\n\t\t\t\t\t<div class=\"e-con-inner\">\n\t\t\t\t<div class=\"elementor-element elementor-element-63e8bd0 elementor-widget elementor-widget-image\" data-id=\"63e8bd0\" data-element_type=\"widget\" data-widget_type=\"image.default\">\n\t\t\t\t<div class=\"elementor-widget-container\">\n\t\t\t\t\t\t\t\t\t\t\t\t\t\t\t<img decoding=\"async\" width=\"1920\" height=\"1440\" src=\"https:\/\/sab.de.com\/wp-content\/uploads\/2024\/02\/IMG_2156-1.jpg\" class=\"attachment-full size-full wp-image-1629\" alt=\"\" srcset=\"https:\/\/sab.de.com\/wp-content\/uploads\/2024\/02\/IMG_2156-1.jpg 1920w, https:\/\/sab.de.com\/wp-content\/uploads\/2024\/02\/IMG_2156-1-300x225.jpg 300w, https:\/\/sab.de.com\/wp-content\/uploads\/2024\/02\/IMG_2156-1-1024x768.jpg 1024w, https:\/\/sab.de.com\/wp-content\/uploads\/2024\/02\/IMG_2156-1-768x576.jpg 768w, https:\/\/sab.de.com\/wp-content\/uploads\/2024\/02\/IMG_2156-1-1536x1152.jpg 1536w, https:\/\/sab.de.com\/wp-content\/uploads\/2024\/02\/IMG_2156-1-16x12.jpg 16w\" sizes=\"(max-width: 1920px) 100vw, 1920px\" \/>\t\t\t\t\t\t\t\t\t\t\t\t\t\t\t<\/div>\n\t\t\t\t<\/div>\n\t\t\t\t\t<\/div>\n\t\t\t\t<\/div>\n\t\t<div class=\"elementor-element elementor-element-596beb4 e-flex e-con-boxed e-con e-parent\" data-id=\"596beb4\" data-element_type=\"container\">\n\t\t\t\t\t<div class=\"e-con-inner\">\n\t\t\t\t<div class=\"elementor-element elementor-element-4968295 elementor-widget elementor-widget-spacer\" data-id=\"4968295\" data-element_type=\"widget\" data-widget_type=\"spacer.default\">\n\t\t\t\t<div class=\"elementor-widget-container\">\n\t\t\t\t\t\t\t<div class=\"elementor-spacer\">\n\t\t\t<div class=\"elementor-spacer-inner\"><\/div>\n\t\t<\/div>\n\t\t\t\t\t\t<\/div>\n\t\t\t\t<\/div>\n\t\t\t\t\t<\/div>\n\t\t\t\t<\/div>\n\t\t<div class=\"elementor-element elementor-element-4e48b2c e-flex e-con-boxed e-con e-parent\" data-id=\"4e48b2c\" data-element_type=\"container\" data-settings=\"{&quot;background_background&quot;:&quot;classic&quot;}\">\n\t\t\t\t\t<div class=\"e-con-inner\">\n\t\t\t\t<div class=\"elementor-element elementor-element-06ce368 elementor-widget-divider--view-line elementor-widget elementor-widget-divider\" data-id=\"06ce368\" data-element_type=\"widget\" data-widget_type=\"divider.default\">\n\t\t\t\t<div class=\"elementor-widget-container\">\n\t\t\t\t\t\t\t<div class=\"elementor-divider\">\n\t\t\t<span class=\"elementor-divider-separator\">\n\t\t\t\t\t\t<\/span>\n\t\t<\/div>\n\t\t\t\t\t\t<\/div>\n\t\t\t\t<\/div>\n\t\t\t\t\t<\/div>\n\t\t\t\t<\/div>\n\t\t<div class=\"elementor-element elementor-element-96ec769 e-flex e-con-boxed e-con e-parent\" data-id=\"96ec769\" data-element_type=\"container\">\n\t\t\t\t\t<div class=\"e-con-inner\">\n\t\t<div class=\"elementor-element elementor-element-d324e81 e-flex e-con-boxed e-con e-child\" data-id=\"d324e81\" data-element_type=\"container\">\n\t\t\t\t\t<div class=\"e-con-inner\">\n\t\t<div class=\"elementor-element elementor-element-2466a4b e-flex e-con-boxed e-con e-child\" data-id=\"2466a4b\" data-element_type=\"container\" data-settings=\"{&quot;background_background&quot;:&quot;classic&quot;}\">\n\t\t\t\t\t<div class=\"e-con-inner\">\n\t\t<div class=\"elementor-element elementor-element-49089d1 e-con-full e-flex e-con e-child\" data-id=\"49089d1\" data-element_type=\"container\">\n\t\t\t\t<div class=\"elementor-element elementor-element-d9c5e8b elementor-widget elementor-widget-image\" data-id=\"d9c5e8b\" data-element_type=\"widget\" data-widget_type=\"image.default\">\n\t\t\t\t<div class=\"elementor-widget-container\">\n\t\t\t\t\t\t\t\t\t\t\t\t\t\t\t<img loading=\"lazy\" decoding=\"async\" width=\"300\" height=\"76\" src=\"https:\/\/sab.de.com\/wp-content\/uploads\/2024\/02\/cropped-SAB_Logos-gesamt-300x76.png\" class=\"attachment-medium size-medium wp-image-1219\" alt=\"\" srcset=\"https:\/\/sab.de.com\/wp-content\/uploads\/2024\/02\/cropped-SAB_Logos-gesamt-300x76.png 300w, https:\/\/sab.de.com\/wp-content\/uploads\/2024\/02\/cropped-SAB_Logos-gesamt-1024x260.png 1024w, https:\/\/sab.de.com\/wp-content\/uploads\/2024\/02\/cropped-SAB_Logos-gesamt-768x195.png 768w, https:\/\/sab.de.com\/wp-content\/uploads\/2024\/02\/cropped-SAB_Logos-gesamt-1536x390.png 1536w, https:\/\/sab.de.com\/wp-content\/uploads\/2024\/02\/cropped-SAB_Logos-gesamt-2048x521.png 2048w, https:\/\/sab.de.com\/wp-content\/uploads\/2024\/02\/cropped-SAB_Logos-gesamt-18x5.png 18w\" sizes=\"(max-width: 300px) 100vw, 300px\" \/>\t\t\t\t\t\t\t\t\t\t\t\t\t\t\t<\/div>\n\t\t\t\t<\/div>\n\t\t\t\t<\/div>\n\t\t<div class=\"elementor-element elementor-element-1922014 e-con-full e-flex e-con e-child\" data-id=\"1922014\" data-element_type=\"container\">\n\t\t\t\t<div class=\"elementor-element elementor-element-845cf3d elementor-widget elementor-widget-heading\" data-id=\"845cf3d\" data-element_type=\"widget\" data-widget_type=\"heading.default\">\n\t\t\t\t<div class=\"elementor-widget-container\">\n\t\t\t\t\t<h2 class=\"elementor-heading-title elementor-size-default\"><a href=\"https:\/\/www.senation-group.com\" target=\"_blank\"><b>Member of Senation Group GmbH<\/b><\/a><\/h2>\t\t\t\t<\/div>\n\t\t\t\t<\/div>\n\t\t\t\t<\/div>\n\t\t<div class=\"elementor-element elementor-element-ec5f354 e-con-full e-flex e-con e-child\" data-id=\"ec5f354\" data-element_type=\"container\">\n\t\t\t\t<div class=\"elementor-element elementor-element-b126075 elementor-widget elementor-widget-text-editor\" data-id=\"b126075\" data-element_type=\"widget\" data-widget_type=\"text-editor.default\">\n\t\t\t\t<div class=\"elementor-widget-container\">\n\t\t\t\t\t\t\t\t\t<p><span style=\"color: #000000;\"><a style=\"color: #000000;\" href=\"https:\/\/sab.de.com\/en_us\/impressum\/\">Impressum<\/a><\/span><\/p>\t\t\t\t\t\t\t\t<\/div>\n\t\t\t\t<\/div>\n\t\t\t\t<\/div>\n\t\t<div class=\"elementor-element elementor-element-d445260 e-con-full e-flex e-con e-child\" data-id=\"d445260\" data-element_type=\"container\">\n\t\t\t\t<div class=\"elementor-element elementor-element-3e0551b elementor-widget elementor-widget-text-editor\" data-id=\"3e0551b\" data-element_type=\"widget\" data-widget_type=\"text-editor.default\">\n\t\t\t\t<div class=\"elementor-widget-container\">\n\t\t\t\t\t\t\t\t\t<p style=\"text-align: left;\"><a href=\"https:\/\/sab.de.com\/en_us\/datenschutz\/\">Data protection<\/a><\/p>\t\t\t\t\t\t\t\t<\/div>\n\t\t\t\t<\/div>\n\t\t\t\t<\/div>\n\t\t\t\t\t<\/div>\n\t\t\t\t<\/div>\n\t\t\t\t\t<\/div>\n\t\t\t\t<\/div>\n\t\t\t\t\t<\/div>\n\t\t\t\t<\/div>\n\t\t\t\t<\/div>","protected":false},"excerpt":{"rendered":"<p>Biomethan Einspeisung Einspeisung von Biomethan in Erdgasnetze \u00a0 Die Trendwende bring auch weitere \u201ealte\u201c Technologien wieder auf den Plan. Biogas birgt enorme spontane M\u00f6glichkeiten, da die meisten Anlagen nicht erst gebaut werden m\u00fcssen. Die Einspeisung ins bestehende Gasnetz sorgt f\u00fcr noch mehr gr\u00fcne und unabh\u00e4ngige Energie. \u00a0 Planung und Konstruktion von Biomethan-Einspeisestationen. Unsere Einspeisestationen sind [&hellip;]<\/p>","protected":false},"author":1,"featured_media":0,"parent":0,"menu_order":0,"comment_status":"closed","ping_status":"closed","template":"","meta":{"ocean_post_layout":"full-screen","ocean_both_sidebars_style":"","ocean_both_sidebars_content_width":0,"ocean_both_sidebars_sidebars_width":0,"ocean_sidebar":"0","ocean_second_sidebar":"0","ocean_disable_margins":"enable","ocean_add_body_class":"","ocean_shortcode_before_top_bar":"","ocean_shortcode_after_top_bar":"","ocean_shortcode_before_header":"","ocean_shortcode_after_header":"","ocean_has_shortcode":"","ocean_shortcode_after_title":"","ocean_shortcode_before_footer_widgets":"","ocean_shortcode_after_footer_widgets":"","ocean_shortcode_before_footer_bottom":"","ocean_shortcode_after_footer_bottom":"","ocean_display_top_bar":"off","ocean_display_header":"default","ocean_header_style":"","ocean_center_header_left_menu":"0","ocean_custom_header_template":"0","ocean_custom_logo":0,"ocean_custom_retina_logo":0,"ocean_custom_logo_max_width":0,"ocean_custom_logo_tablet_max_width":0,"ocean_custom_logo_mobile_max_width":0,"ocean_custom_logo_max_height":0,"ocean_custom_logo_tablet_max_height":0,"ocean_custom_logo_mobile_max_height":0,"ocean_header_custom_menu":"0","ocean_menu_typo_font_family":"0","ocean_menu_typo_font_subset":"","ocean_menu_typo_font_size":0,"ocean_menu_typo_font_size_tablet":0,"ocean_menu_typo_font_size_mobile":0,"ocean_menu_typo_font_size_unit":"px","ocean_menu_typo_font_weight":"","ocean_menu_typo_font_weight_tablet":"","ocean_menu_typo_font_weight_mobile":"","ocean_menu_typo_transform":"","ocean_menu_typo_transform_tablet":"","ocean_menu_typo_transform_mobile":"","ocean_menu_typo_line_height":0,"ocean_menu_typo_line_height_tablet":0,"ocean_menu_typo_line_height_mobile":0,"ocean_menu_typo_line_height_unit":"","ocean_menu_typo_spacing":0,"ocean_menu_typo_spacing_tablet":0,"ocean_menu_typo_spacing_mobile":0,"ocean_menu_typo_spacing_unit":"","ocean_menu_link_color":"","ocean_menu_link_color_hover":"","ocean_menu_link_color_active":"","ocean_menu_link_background":"","ocean_menu_link_hover_background":"","ocean_menu_link_active_background":"","ocean_menu_social_links_bg":"","ocean_menu_social_hover_links_bg":"","ocean_menu_social_links_color":"","ocean_menu_social_hover_links_color":"","ocean_disable_title":"on","ocean_disable_heading":"default","ocean_post_title":"","ocean_post_subheading":"","ocean_post_title_style":"","ocean_post_title_background_color":"","ocean_post_title_background":0,"ocean_post_title_bg_image_position":"","ocean_post_title_bg_image_attachment":"","ocean_post_title_bg_image_repeat":"","ocean_post_title_bg_image_size":"","ocean_post_title_height":0,"ocean_post_title_bg_overlay":0.5,"ocean_post_title_bg_overlay_color":"","ocean_disable_breadcrumbs":"default","ocean_breadcrumbs_color":"","ocean_breadcrumbs_separator_color":"","ocean_breadcrumbs_links_color":"","ocean_breadcrumbs_links_hover_color":"","ocean_display_footer_widgets":"off","ocean_display_footer_bottom":"off","ocean_custom_footer_template":"0","footnotes":""},"class_list":["post-15","page","type-page","status-publish","hentry","entry"],"_links":{"self":[{"href":"https:\/\/sab.de.com\/en_us\/wp-json\/wp\/v2\/pages\/15","targetHints":{"allow":["GET"]}}],"collection":[{"href":"https:\/\/sab.de.com\/en_us\/wp-json\/wp\/v2\/pages"}],"about":[{"href":"https:\/\/sab.de.com\/en_us\/wp-json\/wp\/v2\/types\/page"}],"author":[{"embeddable":true,"href":"https:\/\/sab.de.com\/en_us\/wp-json\/wp\/v2\/users\/1"}],"replies":[{"embeddable":true,"href":"https:\/\/sab.de.com\/en_us\/wp-json\/wp\/v2\/comments?post=15"}],"version-history":[{"count":66,"href":"https:\/\/sab.de.com\/en_us\/wp-json\/wp\/v2\/pages\/15\/revisions"}],"predecessor-version":[{"id":2114,"href":"https:\/\/sab.de.com\/en_us\/wp-json\/wp\/v2\/pages\/15\/revisions\/2114"}],"wp:attachment":[{"href":"https:\/\/sab.de.com\/en_us\/wp-json\/wp\/v2\/media?parent=15"}],"curies":[{"name":"wp","href":"https:\/\/api.w.org\/{rel}","templated":true}]}}